{"id":3,"date":"2023-12-21T17:08:57","date_gmt":"2023-12-21T16:08:57","guid":{"rendered":"https:\/\/dorotheewolters.de\/?page_id=3"},"modified":"2023-12-27T17:26:03","modified_gmt":"2023-12-27T16:26:03","slug":"datenschutz","status":"publish","type":"page","link":"https:\/\/dorotheewolters.de\/?page_id=3","title":{"rendered":"Datenschutzerkl\u00e4rung"},"content":{"rendered":"\n<p><strong>Datenschutzerkl\u00e4rung<\/strong><br>f\u00fcr https:\/\/dorotheewolters.de<\/p>\n\n\n\n<p><strong>Verantwortlicher f\u00fcr die Datenverarbeitung<\/strong>:<br>Dorothee Wolters<br>Eichendorffstr. 33<br>50825 K\u00f6ln<br>Telefon: +49 175 9883663<br>E-Mail: brief(at)dorotheewolters(dot)de<\/p>\n\n\n\n<p><strong>Allgemeiner Hinweis<\/strong>:<br>Als Betreiberin dieser Website nehme ich den Schutz Ihrer pers\u00f6nlichen Daten sehr ernst. Ihre personenbezogenen Daten werden vertraulich und entsprechend der gesetzlichen Datenschutzvorschriften sowie dieser Datenschutzerkl\u00e4rung behandelt.<\/p>\n\n\n\n<p><strong>Erhebung und Verarbeitung von Daten<\/strong>:<br>Da auf dieser Website keine Registrierung m\u00f6glich ist und keine personenbezogenen Daten aktiv erhoben werden, findet eine Datenverarbeitung im \u00fcblichen Sinne nicht statt.<\/p>\n\n\n\n<p><strong>Hosting und Auftragsverarbeitung<\/strong>:<br>Die Website wird bei Uberspace, betrieben von Jonas Pasche, Kaiserstr. 15, 55116 Mainz, gehostet. Es besteht ein Auftragsverarbeitungsvertrag mit Uberspace, der die Einhaltung der Datenschutzstandards gem\u00e4\u00df DSGVO sicherstellt. Uberspace verpflichtet sich zur Datensicherheit und zum Datenschutz gem\u00e4\u00df DSGVO. Pers\u00f6nliche Daten, die im Rahmen der Nutzung von Uberspace anfallen, werden nicht mit der Website http:\/\/dorotheewolters.de in Verbindung gebracht.<\/p>\n\n\n\n<p><strong>Cookies<\/strong>:<br>Diese Website verwendet keine Cookies im Frontend-Bereich.<\/p>\n\n\n\n<p><strong>Rechte der Nutzer<\/strong>:<br>Sie haben das Recht, Auskunft \u00fcber die zu Ihrer Person gespeicherten Daten zu erhalten, diese zu berichtigen, zu l\u00f6schen oder die Verarbeitung einzuschr\u00e4nken, sowie das Recht auf Daten\u00fcbertragbarkeit und das Recht, eine erteilte Einwilligung zu widerrufen. Au\u00dferdem haben Sie das Recht, sich bei einer Datenschutz-Aufsichtsbeh\u00f6rde \u00fcber die Verarbeitung Ihrer personenbezogenen Daten zu beschweren.<\/p>\n\n\n\n<p><strong>\u00c4nderungen dieser Datenschutzerkl\u00e4rung<\/strong>:<br>Ich behalte mir vor, diese Datenschutzerkl\u00e4rung anzupassen, sofern sich die rechtlichen Rahmenbedingungen oder die Datenverarbeitungspraktiken \u00e4ndern.<\/p>\n","protected":false},"excerpt":{"rendered":"<p>Datenschutzerkl\u00e4rungf\u00fcr https:\/\/dorotheewolters.de Verantwortlicher f\u00fcr die Datenverarbeitung:Dorothee WoltersEichendorffstr. 3350825 K\u00f6lnTelefon: +49 175 9883663E-Mail: brief(at)dorotheewolters(dot)de Allgemeiner Hinweis:Als Betreiberin dieser Website nehme ich den Schutz Ihrer pers\u00f6nlichen Daten sehr ernst. Ihre personenbezogenen Daten werden vertraulich und entsprechend der gesetzlichen Datenschutzvorschriften sowie dieser Datenschutzerkl\u00e4rung behandelt. Erhebung und Verarbeitung von Daten:Da auf dieser Website keine Registrierung m\u00f6glich ist und keine [&hellip;]<\/p>\n","protected":false},"author":1,"featured_media":0,"parent":0,"menu_order":0,"comment_status":"closed","ping_status":"open","template":"","meta":{"footnotes":""},"class_list":["post-3","page","type-page","status-publish","hentry"],"_links":{"self":[{"href":"https:\/\/dorotheewolters.de\/index.php?rest_route=\/wp\/v2\/pages\/3","targetHints":{"allow":["GET"]}}],"collection":[{"href":"https:\/\/dorotheewolters.de\/index.php?rest_route=\/wp\/v2\/pages"}],"about":[{"href":"https:\/\/dorotheewolters.de\/index.php?rest_route=\/wp\/v2\/types\/page"}],"author":[{"embeddable":true,"href":"https:\/\/dorotheewolters.de\/index.php?rest_route=\/wp\/v2\/users\/1"}],"replies":[{"embeddable":true,"href":"https:\/\/dorotheewolters.de\/index.php?rest_route=%2Fwp%2Fv2%2Fcomments&post=3"}],"version-history":[{"count":4,"href":"https:\/\/dorotheewolters.de\/index.php?rest_route=\/wp\/v2\/pages\/3\/revisions"}],"predecessor-version":[{"id":207,"href":"https:\/\/dorotheewolters.de\/index.php?rest_route=\/wp\/v2\/pages\/3\/revisions\/207"}],"wp:attachment":[{"href":"https:\/\/dorotheewolters.de\/index.php?rest_route=%2Fwp%2Fv2%2Fmedia&parent=3"}],"curies":[{"name":"wp","href":"https:\/\/api.w.org\/{rel}","templated":true}]}}